{"id":22,"date":"2023-09-24T05:49:39","date_gmt":"2023-09-24T05:49:39","guid":{"rendered":"https:\/\/themeholy.com\/wordpress\/artraz\/?page_id=22"},"modified":"2025-05-12T21:42:22","modified_gmt":"2025-05-12T18:42:22","slug":"home","status":"publish","type":"page","link":"https:\/\/taksiunye.com\/","title":{"rendered":"\u00dcnye Taksi 7\/24"},"content":{"rendered":"\t\t<div data-elementor-type=\"wp-page\" data-elementor-id=\"22\" class=\"elementor elementor-22\">\n\t\t\t\t<div class=\"elementor-element elementor-element-9005e2f e-flex e-con-boxed e-con e-parent\" data-id=\"9005e2f\" data-element_type=\"container\">\n\t\t\t\t\t<div class=\"e-con-inner\">\n\t\t\t\t<div class=\"elementor-element elementor-element-a74a50a elementor-widget elementor-widget-html\" data-id=\"a74a50a\" data-element_type=\"widget\" data-widget_type=\"html.default\">\n\t\t\t\t<div class=\"elementor-widget-container\">\n\t\t\t\t\t<!-- Google tag (gtag.js) --> <script async src=\"https:\/\/www.googletagmanager.com\/gtag\/js?id=AW-17058363942\"><\/script> <script> window.dataLayer = window.dataLayer || []; function gtag(){dataLayer.push(arguments);} gtag('js', new Date()); gtag('config', 'AW-17058363942'); <\/script>\r\n\t\t\t\t<\/div>\n\t\t\t\t<\/div>\n\t\t\t\t\t<\/div>\n\t\t\t\t<\/div>\n\t\t<div class=\"elementor-element elementor-element-5f05ee7 e-con-full e-flex e-con e-parent\" data-id=\"5f05ee7\" data-element_type=\"container\">\n\t\t\t\t<div class=\"elementor-element elementor-element-870c9ac elementor-widget elementor-widget-artrazshapeimage\" data-id=\"870c9ac\" data-element_type=\"widget\" data-widget_type=\"artrazshapeimage.default\">\n\t\t\t\t<div class=\"elementor-widget-container\">\n\t\t\t\t\t<!-- Image --><div class=\"shape-mockup  jump \" data-top=\"0.1%\" data-right=\"0.1%\"><img decoding=\"async\" src=\"https:\/\/themeholy.com\/wordpress\/artraz\/wp-content\/uploads\/2023\/09\/shape_3.png\" alt=\"\u00dcnye Taksi 7\/24\" ><\/div><!-- End Image -->\t\t\t\t<\/div>\n\t\t\t\t<\/div>\n\t\t\t\t<div class=\"elementor-element elementor-element-5919a5d elementor-widget elementor-widget-text-editor\" data-id=\"5919a5d\" data-element_type=\"widget\" data-widget_type=\"text-editor.default\">\n\t\t\t\t<div class=\"elementor-widget-container\">\n\t\t\t\t\t\t\t\t\t<h2>\u00dcNYE 7\/24 TAKS\u0130<\/h2>\t\t\t\t\t\t\t\t<\/div>\n\t\t\t\t<\/div>\n\t\t<div class=\"elementor-element elementor-element-2490543 e-flex e-con-boxed e-con e-child\" data-id=\"2490543\" data-element_type=\"container\">\n\t\t\t\t\t<div class=\"e-con-inner\">\n\t\t<div class=\"elementor-element elementor-element-08b40d8 e-con-full animated-slow e-flex elementor-invisible e-con e-child\" data-id=\"08b40d8\" data-element_type=\"container\" data-settings=\"{&quot;animation&quot;:&quot;fadeInUp&quot;,&quot;animation_delay&quot;:0}\">\n\t\t\t\t<div class=\"elementor-element elementor-element-2d08a7f elementor-widget elementor-widget-image\" data-id=\"2d08a7f\" data-element_type=\"widget\" data-widget_type=\"image.default\">\n\t\t\t\t<div class=\"elementor-widget-container\">\n\t\t\t\t\t\t\t\t\t\t\t\t\t\t\t<img decoding=\"async\" width=\"184\" height=\"90\" src=\"https:\/\/taksiunye.com\/wp-content\/uploads\/2023\/09\/Adsiz_tasarim_-_2025-05-06T005059.754-removebg-preview.png\" class=\"attachment-large size-large wp-image-1474\" alt=\"\" \/>\t\t\t\t\t\t\t\t\t\t\t\t\t\t\t<\/div>\n\t\t\t\t<\/div>\n\t\t\t\t<\/div>\n\t\t<div class=\"elementor-element elementor-element-5508be7 e-con-full animated-slow e-flex elementor-invisible e-con e-child\" data-id=\"5508be7\" data-element_type=\"container\" data-settings=\"{&quot;animation&quot;:&quot;fadeInUp&quot;}\">\n\t\t\t\t<div class=\"elementor-element elementor-element-d239e4e elementor-widget elementor-widget-text-editor\" data-id=\"d239e4e\" data-element_type=\"widget\" data-widget_type=\"text-editor.default\">\n\t\t\t\t<div class=\"elementor-widget-container\">\n\t\t\t\t\t\t\t\t\t<h2>\u00dcnye Taksi Ho\u015fgeldiniz<\/h2>\t\t\t\t\t\t\t\t<\/div>\n\t\t\t\t<\/div>\n\t\t\t\t<div class=\"elementor-element elementor-element-3aa2780 elementor-widget elementor-widget-image\" data-id=\"3aa2780\" data-element_type=\"widget\" data-widget_type=\"image.default\">\n\t\t\t\t<div class=\"elementor-widget-container\">\n\t\t\t\t\t\t\t\t\t\t\t\t\t\t\t<img fetchpriority=\"high\" decoding=\"async\" width=\"751\" height=\"504\" src=\"https:\/\/taksiunye.com\/wp-content\/uploads\/2025\/05\/resim_2025-05-06_145206772.png\" class=\"attachment-large size-large wp-image-1534\" alt=\"\" srcset=\"https:\/\/taksiunye.com\/wp-content\/uploads\/2025\/05\/resim_2025-05-06_145206772.png 800w, https:\/\/taksiunye.com\/wp-content\/uploads\/2025\/05\/resim_2025-05-06_145206772-300x201.png 300w, https:\/\/taksiunye.com\/wp-content\/uploads\/2025\/05\/resim_2025-05-06_145206772-768x516.png 768w, https:\/\/taksiunye.com\/wp-content\/uploads\/2025\/05\/resim_2025-05-06_145206772-600x403.png 600w\" sizes=\"(max-width: 751px) 100vw, 751px\" \/>\t\t\t\t\t\t\t\t\t\t\t\t\t\t\t<\/div>\n\t\t\t\t<\/div>\n\t\t\t\t<div class=\"elementor-element elementor-element-b701c2c elementor-widget elementor-widget-image\" data-id=\"b701c2c\" data-element_type=\"widget\" data-widget_type=\"image.default\">\n\t\t\t\t<div class=\"elementor-widget-container\">\n\t\t\t\t\t\t\t\t\t\t\t\t\t\t\t<img decoding=\"async\" width=\"751\" height=\"345\" src=\"https:\/\/taksiunye.com\/wp-content\/uploads\/2025\/05\/WhatsApp-Gorsel-2025-05-05-saat-19.35.09_ba4f8778-1024x470.jpg\" class=\"attachment-large size-large wp-image-1434\" alt=\"\" srcset=\"https:\/\/taksiunye.com\/wp-content\/uploads\/2025\/05\/WhatsApp-Gorsel-2025-05-05-saat-19.35.09_ba4f8778-1024x470.jpg 1024w, https:\/\/taksiunye.com\/wp-content\/uploads\/2025\/05\/WhatsApp-Gorsel-2025-05-05-saat-19.35.09_ba4f8778-600x275.jpg 600w, https:\/\/taksiunye.com\/wp-content\/uploads\/2025\/05\/WhatsApp-Gorsel-2025-05-05-saat-19.35.09_ba4f8778-300x138.jpg 300w, https:\/\/taksiunye.com\/wp-content\/uploads\/2025\/05\/WhatsApp-Gorsel-2025-05-05-saat-19.35.09_ba4f8778-768x352.jpg 768w, https:\/\/taksiunye.com\/wp-content\/uploads\/2025\/05\/WhatsApp-Gorsel-2025-05-05-saat-19.35.09_ba4f8778.jpg 1079w\" sizes=\"(max-width: 751px) 100vw, 751px\" \/>\t\t\t\t\t\t\t\t\t\t\t\t\t\t\t<\/div>\n\t\t\t\t<\/div>\n\t\t\t\t<div class=\"elementor-element elementor-element-12c3df2 elementor-widget elementor-widget-artrazsectiontitle\" data-id=\"12c3df2\" data-element_type=\"widget\" data-widget_type=\"artrazsectiontitle.default\">\n\t\t\t\t<div class=\"elementor-widget-container\">\n\t\t\t\t\t\t\t<div class=\"sec-title-area\">\n\n\t\t\t<span class=\"sub-title e-sub-title\">\u00dcnye Taksi 7\/24 Hizmetinizde<\/span><h2 class=\"sec-title\">52T<span class=\"text-transparent\">5117<\/span><\/h2><p class=\"sec-text\">\u00dcnye Taksi 52 T 5117\n\u00dcnye\u2019de 2 ara\u00e7la h\u0131zl\u0131, g\u00fcvenli ve konforlu ula\u015f\u0131m hizmeti sunuyoruz!\n\u015eehir i\u00e7i \u2013 \u015fehir d\u0131\u015f\u0131 yolculuklar\nHavaliman\u0131 transferleri\n7\/24 kesintisiz hizmet\nG\u00fcler y\u00fczl\u00fc \u015fof\u00f6rlerimiz ve temiz ara\u00e7lar\u0131m\u0131zla sizi gidece\u011finiz yere zaman\u0131nda ula\u015ft\u0131rmak i\u00e7in buraday\u0131z.\nBizi aray\u0131n, hemen kap\u0131n\u0131zda olal\u0131m!<\/p>\t\t<\/div>\n\n\t\t\t\t\t<\/div>\n\t\t\t\t<\/div>\n\t\t\t\t<div class=\"elementor-element elementor-element-2f50b1e elementor-widget elementor-widget-artrazbutton\" data-id=\"2f50b1e\" data-element_type=\"widget\" data-widget_type=\"artrazbutton.default\">\n\t\t\t\t<div class=\"elementor-widget-container\">\n\t\t\t\t\t<br \/>\n<b>Warning<\/b>:  Undefined array key \"button_align\" in <b>\/home\/tak169nyecom\/public_html\/wp-content\/plugins\/artraz-core\/addons\/widgets\/artraz-button.php<\/b> on line <b>324<\/b><br \/>\n<div class=\"btn-wrapper \"><a class=\"th-btn e-btn\" href=\"tel:0540%20323%2007%2024\"><span class=\"line left\"><\/span>Hemen Aray\u0131n<span class=\"line\"><\/span><\/a><\/div>\t\t\t\t<\/div>\n\t\t\t\t<\/div>\n\t\t\t\t<\/div>\n\t\t<div class=\"elementor-element elementor-element-7717c67 e-con-full animated-slow e-flex elementor-invisible e-con e-child\" data-id=\"7717c67\" data-element_type=\"container\" data-settings=\"{&quot;animation&quot;:&quot;fadeInUp&quot;}\">\n\t\t\t\t<div class=\"elementor-element elementor-element-4fbd585 elementor-widget elementor-widget-image\" data-id=\"4fbd585\" data-element_type=\"widget\" data-widget_type=\"image.default\">\n\t\t\t\t<div class=\"elementor-widget-container\">\n\t\t\t\t\t\t\t\t\t\t\t\t\t\t\t<img loading=\"lazy\" decoding=\"async\" width=\"751\" height=\"1001\" src=\"https:\/\/taksiunye.com\/wp-content\/uploads\/2025\/05\/WhatsApp-Gorsel-2025-05-05-saat-19.35.11_660cbdb8-768x1024.jpg\" class=\"attachment-large size-large wp-image-1458\" alt=\"\" srcset=\"https:\/\/taksiunye.com\/wp-content\/uploads\/2025\/05\/WhatsApp-Gorsel-2025-05-05-saat-19.35.11_660cbdb8-768x1024.jpg 768w, https:\/\/taksiunye.com\/wp-content\/uploads\/2025\/05\/WhatsApp-Gorsel-2025-05-05-saat-19.35.11_660cbdb8-600x800.jpg 600w, https:\/\/taksiunye.com\/wp-content\/uploads\/2025\/05\/WhatsApp-Gorsel-2025-05-05-saat-19.35.11_660cbdb8-225x300.jpg 225w, https:\/\/taksiunye.com\/wp-content\/uploads\/2025\/05\/WhatsApp-Gorsel-2025-05-05-saat-19.35.11_660cbdb8-1152x1536.jpg 1152w, https:\/\/taksiunye.com\/wp-content\/uploads\/2025\/05\/WhatsApp-Gorsel-2025-05-05-saat-19.35.11_660cbdb8.jpg 1536w\" sizes=\"(max-width: 751px) 100vw, 751px\" \/>\t\t\t\t\t\t\t\t\t\t\t\t\t\t\t<\/div>\n\t\t\t\t<\/div>\n\t\t\t\t<div class=\"elementor-element elementor-element-de5353c elementor-widget elementor-widget-artrazsectiontitle\" data-id=\"de5353c\" data-element_type=\"widget\" data-widget_type=\"artrazsectiontitle.default\">\n\t\t\t\t<div class=\"elementor-widget-container\">\n\t\t\t\t\t\t\t<div class=\"sec-title-area\">\n\n\t\t\t<span class=\"sub-title e-sub-title\">\u00dcnye Taksi 7\/24 Hizmetinizde<\/span><h2 class=\"sec-title\">52T<span class=\"text-transparent\">5117<\/span><\/h2><p class=\"sec-text\">\u00dcnye Taksi 52 T 5117\n\u00dcnye\u2019de 2 ara\u00e7l\u0131k filomuzla hizmetinizdeyiz!\n\u015eehir i\u00e7i ve \u015fehir d\u0131\u015f\u0131 ula\u015f\u0131m\nHavaliman\u0131 \u2013 otogar transferleri\n7\/24 h\u0131zl\u0131 ve g\u00fcvenilir taksi hizmeti\nTemiz ara\u00e7lar\u0131m\u0131z, deneyimli \u015fof\u00f6rlerimizle sizlere konforlu yolculuk sunuyoruz.\nTek yapman\u0131z gereken bizi aramak \u2013 diledi\u011finiz yere g\u00fcvenle ula\u015fman\u0131z\u0131 sa\u011fl\u0131yoruz!<\/p>\t\t<\/div>\n\n\t\t\t\t\t<\/div>\n\t\t\t\t<\/div>\n\t\t\t\t<div class=\"elementor-element elementor-element-756ab9c elementor-widget elementor-widget-artrazbutton\" data-id=\"756ab9c\" data-element_type=\"widget\" data-widget_type=\"artrazbutton.default\">\n\t\t\t\t<div class=\"elementor-widget-container\">\n\t\t\t\t\t<br \/>\n<b>Warning<\/b>:  Undefined array key \"button_align\" in <b>\/home\/tak169nyecom\/public_html\/wp-content\/plugins\/artraz-core\/addons\/widgets\/artraz-button.php<\/b> on line <b>324<\/b><br \/>\n<div class=\"btn-wrapper \"><a class=\"th-btn e-btn\" href=\"tel:0540%20323%2007%2024\"><span class=\"line left\"><\/span>Hemen Aray\u0131n<span class=\"line\"><\/span><\/a><\/div>\t\t\t\t<\/div>\n\t\t\t\t<\/div>\n\t\t\t\t<\/div>\n\t\t<div class=\"elementor-element elementor-element-52f07c6 e-con-full animated-slow e-flex elementor-invisible e-con e-child\" data-id=\"52f07c6\" data-element_type=\"container\" data-settings=\"{&quot;animation&quot;:&quot;fadeInUp&quot;}\">\n\t\t\t\t<div class=\"elementor-element elementor-element-88000a3 elementor-widget elementor-widget-image\" data-id=\"88000a3\" data-element_type=\"widget\" data-widget_type=\"image.default\">\n\t\t\t\t<div class=\"elementor-widget-container\">\n\t\t\t\t\t\t\t\t\t\t\t\t\t\t\t<img loading=\"lazy\" decoding=\"async\" width=\"751\" height=\"1001\" src=\"https:\/\/taksiunye.com\/wp-content\/uploads\/2025\/05\/WhatsApp-Gorsel-2025-05-05-saat-19.35.09_327e34e3-768x1024.jpg\" class=\"attachment-large size-large wp-image-1467\" alt=\"\" srcset=\"https:\/\/taksiunye.com\/wp-content\/uploads\/2025\/05\/WhatsApp-Gorsel-2025-05-05-saat-19.35.09_327e34e3-768x1024.jpg 768w, https:\/\/taksiunye.com\/wp-content\/uploads\/2025\/05\/WhatsApp-Gorsel-2025-05-05-saat-19.35.09_327e34e3-600x800.jpg 600w, https:\/\/taksiunye.com\/wp-content\/uploads\/2025\/05\/WhatsApp-Gorsel-2025-05-05-saat-19.35.09_327e34e3-225x300.jpg 225w, https:\/\/taksiunye.com\/wp-content\/uploads\/2025\/05\/WhatsApp-Gorsel-2025-05-05-saat-19.35.09_327e34e3-1152x1536.jpg 1152w, https:\/\/taksiunye.com\/wp-content\/uploads\/2025\/05\/WhatsApp-Gorsel-2025-05-05-saat-19.35.09_327e34e3.jpg 1536w\" sizes=\"(max-width: 751px) 100vw, 751px\" \/>\t\t\t\t\t\t\t\t\t\t\t\t\t\t\t<\/div>\n\t\t\t\t<\/div>\n\t\t\t\t<div class=\"elementor-element elementor-element-8bada2a elementor-widget elementor-widget-artrazsectiontitle\" data-id=\"8bada2a\" data-element_type=\"widget\" data-widget_type=\"artrazsectiontitle.default\">\n\t\t\t\t<div class=\"elementor-widget-container\">\n\t\t\t\t\t\t\t<div class=\"sec-title-area\">\n\n\t\t\t<span class=\"sub-title e-sub-title\">\u00dcnye Taksi 7\/24 Hizmetinizde<\/span><h2 class=\"sec-title\">52T<span class=\"text-transparent\">5117<\/span><\/h2><p class=\"sec-text\">\u00dcnye Taksi 52 T 5117\n\u00dcnye\u2019de 2 ara\u00e7l\u0131k filomuzla hizmetinizdeyiz!\n\u015eehir i\u00e7i ve \u015fehir d\u0131\u015f\u0131 ula\u015f\u0131m\nHavaliman\u0131 \u2013 otogar transferleri\n7\/24 h\u0131zl\u0131 ve g\u00fcvenilir taksi hizmeti\nTemiz ara\u00e7lar\u0131m\u0131z, deneyimli \u015fof\u00f6rlerimizle sizlere konforlu yolculuk sunuyoruz.\nTek yapman\u0131z gereken bizi aramak \u2013 diledi\u011finiz yere g\u00fcvenle ula\u015fman\u0131z\u0131 sa\u011fl\u0131yoruz!<\/p>\t\t<\/div>\n\n\t\t\t\t\t<\/div>\n\t\t\t\t<\/div>\n\t\t\t\t<div class=\"elementor-element elementor-element-190d1c3 elementor-widget elementor-widget-artrazbutton\" data-id=\"190d1c3\" data-element_type=\"widget\" data-widget_type=\"artrazbutton.default\">\n\t\t\t\t<div class=\"elementor-widget-container\">\n\t\t\t\t\t<br \/>\n<b>Warning<\/b>:  Undefined array key \"button_align\" in <b>\/home\/tak169nyecom\/public_html\/wp-content\/plugins\/artraz-core\/addons\/widgets\/artraz-button.php<\/b> on line <b>324<\/b><br \/>\n<div class=\"btn-wrapper \"><a class=\"th-btn e-btn\" href=\"tel:0540%20323%2007%2024\"><span class=\"line left\"><\/span>Hemen Aray\u0131n<span class=\"line\"><\/span><\/a><\/div>\t\t\t\t<\/div>\n\t\t\t\t<\/div>\n\t\t\t\t<\/div>\n\t\t\t\t\t<\/div>\n\t\t\t\t<\/div>\n\t\t\t\t<\/div>\n\t\t\t\t<\/div>\n\t\t","protected":false},"excerpt":{"rendered":"<p>\u00dcNYE 7\/24 TAKS\u0130 \u00dcnye Taksi Ho\u015fgeldiniz \u00dcnye Taksi 7\/24 Hizmetinizde 52T5117 \u00dcnye Taksi 52 T 5117 \u00dcnye\u2019de 2 ara\u00e7la h\u0131zl\u0131, g\u00fcvenli ve konforlu ula\u015f\u0131m hizmeti sunuyoruz! \u015eehir i\u00e7i \u2013 \u015fehir d\u0131\u015f\u0131 yolculuklar Havaliman\u0131 transferleri 7\/24 kesintisiz hizmet G\u00fcler y\u00fczl\u00fc \u015fof\u00f6rlerimiz ve temiz ara\u00e7lar\u0131m\u0131zla sizi gidece\u011finiz yere zaman\u0131nda ula\u015ft\u0131rmak i\u00e7in buraday\u0131z. Bizi aray\u0131n, hemen kap\u0131n\u0131zda olal\u0131m!&#8230;<\/p>\n","protected":false},"author":1,"featured_media":0,"parent":0,"menu_order":0,"comment_status":"closed","ping_status":"closed","template":"template-builder.php","meta":{"footnotes":""},"class_list":["post-22","page","type-page","status-publish","hentry"],"_links":{"self":[{"href":"https:\/\/taksiunye.com\/index.php?rest_route=\/wp\/v2\/pages\/22","targetHints":{"allow":["GET"]}}],"collection":[{"href":"https:\/\/taksiunye.com\/index.php?rest_route=\/wp\/v2\/pages"}],"about":[{"href":"https:\/\/taksiunye.com\/index.php?rest_route=\/wp\/v2\/types\/page"}],"author":[{"embeddable":true,"href":"https:\/\/taksiunye.com\/index.php?rest_route=\/wp\/v2\/users\/1"}],"replies":[{"embeddable":true,"href":"https:\/\/taksiunye.com\/index.php?rest_route=%2Fwp%2Fv2%2Fcomments&post=22"}],"version-history":[{"count":50,"href":"https:\/\/taksiunye.com\/index.php?rest_route=\/wp\/v2\/pages\/22\/revisions"}],"predecessor-version":[{"id":1549,"href":"https:\/\/taksiunye.com\/index.php?rest_route=\/wp\/v2\/pages\/22\/revisions\/1549"}],"wp:attachment":[{"href":"https:\/\/taksiunye.com\/index.php?rest_route=%2Fwp%2Fv2%2Fmedia&parent=22"}],"curies":[{"name":"wp","href":"https:\/\/api.w.org\/{rel}","templated":true}]}}